{"id":1263,"date":"2023-01-20T12:23:16","date_gmt":"2023-01-20T12:23:16","guid":{"rendered":"https:\/\/coiffure.vamtam.com\/?page_id=1263"},"modified":"2025-09-27T18:11:25","modified_gmt":"2025-09-27T18:11:25","slug":"team","status":"publish","type":"page","link":"https:\/\/aquablissspa.com\/es\/about\/team\/","title":{"rendered":"Team"},"content":{"rendered":"<div data-elementor-type=\"wp-page\" data-elementor-id=\"1263\" class=\"elementor elementor-1263\" data-elementor-post-type=\"page\">\n\t\t\t\t\t\t<section class=\"elementor-section elementor-top-section elementor-element elementor-element-67b8719 elementor-section-boxed elementor-section-height-default elementor-section-height-default\" data-id=\"67b8719\" data-element_type=\"section\">\n\t\t\t\t\t\t<div class=\"elementor-container elementor-column-gap-no\">\n\t\t\t\t\t<div class=\"elementor-column elementor-col-50 elementor-top-column elementor-element elementor-element-8fcdd5b\" data-id=\"8fcdd5b\" data-element_type=\"column\">\n\t\t\t<div class=\"elementor-widget-wrap elementor-element-populated\">\n\t\t\t\t\t\t<div class=\"vamtam-has-theme-widget-styles elementor-element elementor-element-c50a985 elementor-widget elementor-widget-image\" data-id=\"c50a985\" data-element_type=\"widget\" data-settings=\"{&quot;motion_fx_motion_fx_scrolling&quot;:&quot;yes&quot;,&quot;motion_fx_scale_effect&quot;:&quot;yes&quot;,&quot;motion_fx_scale_direction&quot;:&quot;in-out&quot;,&quot;motion_fx_scale_speed&quot;:{&quot;unit&quot;:&quot;px&quot;,&quot;size&quot;:1,&quot;sizes&quot;:[]},&quot;motion_fx_scale_range&quot;:{&quot;unit&quot;:&quot;%&quot;,&quot;size&quot;:&quot;&quot;,&quot;sizes&quot;:{&quot;start&quot;:0,&quot;end&quot;:33}},&quot;motion_fx_devices&quot;:[&quot;desktop&quot;]}\" data-widget_type=\"image.default\">\n\t\t\t\t<div class=\"elementor-widget-container\">\n\t\t\t\t\t\t\t\t\t<div class=\"elementor-image\">\n\t\t\t\t\t\t\t\t\t\t\t\t\t\t\t\t\t\t\t\t\t\t<a href=\"https:\/\/aquablissspa.com\/es\/about\/team\/mark-harris\/\">\n\t\t\t\t\t\t\t\t\t\t\t<img fetchpriority=\"high\" decoding=\"async\" width=\"1025\" height=\"1536\" src=\"https:\/\/aquablissspa.com\/wp-content\/uploads\/2025\/09\/5-1025x1536.webp\" class=\"attachment-1536x1536 size-1536x1536 wp-image-987831\" alt=\"\" srcset=\"https:\/\/aquablissspa.com\/wp-content\/uploads\/2025\/09\/5-1025x1536.webp 1025w, https:\/\/aquablissspa.com\/wp-content\/uploads\/2025\/09\/5-200x300.webp 200w, https:\/\/aquablissspa.com\/wp-content\/uploads\/2025\/09\/5-684x1024.webp 684w, https:\/\/aquablissspa.com\/wp-content\/uploads\/2025\/09\/5-768x1150.webp 768w, https:\/\/aquablissspa.com\/wp-content\/uploads\/2025\/09\/5-640x959.webp 640w, https:\/\/aquablissspa.com\/wp-content\/uploads\/2025\/09\/5-320x480.webp 320w, https:\/\/aquablissspa.com\/wp-content\/uploads\/2025\/09\/5.webp 1253w\" sizes=\"(max-width: 1025px) 100vw, 1025px\" \/>\t\t\t\t\t\t\t\t\t\t\t\t<\/a>\n\t\t\t\t\t\t\t\t\t\t\t\t\t\t\t\t\t\t\t\t\t\t\t\t<\/div>\n\t\t\t\t\t\t\t\t<\/div>\n\t\t\t\t<\/div>\n\t\t\t\t\t<\/div>\n\t\t<\/div>\n\t\t\t\t<div class=\"elementor-column elementor-col-50 elementor-top-column elementor-element elementor-element-cf86290\" data-id=\"cf86290\" data-element_type=\"column\">\n\t\t\t<div class=\"elementor-widget-wrap elementor-element-populated\">\n\t\t\t\t\t\t<div class=\"elementor-element elementor-element-bab1d33 elementor-widget elementor-widget-heading\" data-id=\"bab1d33\" data-element_type=\"widget\" data-widget_type=\"heading.default\">\n\t\t\t\t<div class=\"elementor-widget-container\">\n\t\t\t\t\t<div class=\"elementor-heading-title elementor-size-default\">Founder of Aqua Bliss Spa<\/div>\t\t\t\t<\/div>\n\t\t\t\t<\/div>\n\t\t\t\t<div class=\"elementor-element elementor-element-d91e31a elementor-invisible elementor-widget elementor-widget-heading\" data-id=\"d91e31a\" data-element_type=\"widget\" data-settings=\"{&quot;_animation&quot;:&quot;fadeInUp&quot;,&quot;_animation_tablet&quot;:&quot;none&quot;}\" data-widget_type=\"heading.default\">\n\t\t\t\t<div class=\"elementor-widget-container\">\n\t\t\t\t\t<h2 class=\"elementor-heading-title elementor-size-default\"><a href=\"https:\/\/aquablissspa.com\/es\/about\/team\/mark-harris\/\">Maria Julia<\/a><\/h2>\t\t\t\t<\/div>\n\t\t\t\t<\/div>\n\t\t\t\t<div class=\"elementor-element elementor-element-01e9642 animated-slow elementor-invisible elementor-widget elementor-widget-text-editor\" data-id=\"01e9642\" data-element_type=\"widget\" data-settings=\"{&quot;_animation&quot;:&quot;fadeIn&quot;,&quot;_animation_tablet&quot;:&quot;none&quot;,&quot;_animation_delay&quot;:200}\" data-widget_type=\"text-editor.default\">\n\t\t\t\t<div class=\"elementor-widget-container\">\n\t\t\t\t\t\t\t\t\t<p>Hola, soy Mar\u00eda, la propietaria de Aqua Bliss Spa. Con m\u00e1s de 5 a\u00f1os de experiencia en masajes y bienestar, mi pasi\u00f3n es ayudarte a relajarte, recargar energ\u00edas y sentirte mejor que nunca.<br \/>My mission is to create a peaceful space wherever you are so you can reconnect with yourself, release stress, and experience true, lasting relaxation.<\/p>\t\t\t\t\t\t\t\t<\/div>\n\t\t\t\t<\/div>\n\t\t\t\t<div class=\"elementor-element elementor-element-1272e11 elementor-widget-divider--view-line elementor-widget elementor-widget-divider\" data-id=\"1272e11\" data-element_type=\"widget\" data-widget_type=\"divider.default\">\n\t\t\t\t<div class=\"elementor-widget-container\">\n\t\t\t\t\t\t\t<div class=\"elementor-divider\">\n\t\t\t<span class=\"elementor-divider-separator\">\n\t\t\t\t\t\t<\/span>\n\t\t<\/div>\n\t\t\t\t\t\t<\/div>\n\t\t\t\t<\/div>\n\t\t\t\t<div class=\"elementor-element elementor-element-1288921 elementor-grid-3 e-grid-align-left elementor-shape-rounded elementor-widget elementor-widget-social-icons\" data-id=\"1288921\" data-element_type=\"widget\" data-widget_type=\"social-icons.default\">\n\t\t\t\t<div class=\"elementor-widget-container\">\n\t\t\t\t\t\t\t<div class=\"elementor-social-icons-wrapper elementor-grid\">\n\t\t\t\t\t\t\t<span class=\"elementor-grid-item\">\n\t\t\t\t\t<a class=\"elementor-icon elementor-social-icon elementor-social-icon-instagram elementor-animation-grow elementor-repeater-item-842c995\" href=\"https:\/\/www.instagram.com\/aquablissmiami?igsh=ZnN6dG96cjlrdHVq\" target=\"_blank\">\n\t\t\t\t\t\t<span class=\"elementor-screen-only\">Instagram<\/span>\n\t\t\t\t\t\t<i aria-hidden=\"true\" class=\"fab fa-instagram\"><\/i>\t\t\t\t\t<\/a>\n\t\t\t\t<\/span>\n\t\t\t\t\t<\/div>\n\t\t\t\t\t\t<\/div>\n\t\t\t\t<\/div>\n\t\t\t\t\t<\/div>\n\t\t<\/div>\n\t\t\t\t\t<\/div>\n\t\t<\/section>\n\t\t\t\t<\/div>","protected":false},"excerpt":{"rendered":"<p>Our team at \u201cCoiffure\u201d is composed of stylists with 10+ years experience. Highly trained and skilled stylist ready to serve you<\/p>","protected":false},"author":1,"featured_media":0,"parent":883,"menu_order":0,"comment_status":"closed","ping_status":"closed","template":"","meta":{"footnotes":""},"class_list":["post-1263","page","type-page","status-publish","hentry"],"yoast_head":"<!-- This site is optimized with the Yoast SEO plugin v26.8 - https:\/\/yoast.com\/product\/yoast-seo-wordpress\/ -->\n<title>Team - AQUABLISS<\/title>\n<meta name=\"robots\" content=\"index, follow, max-snippet:-1, max-image-preview:large, max-video-preview:-1\" \/>\n<link rel=\"canonical\" href=\"https:\/\/aquablissspa.com\/es\/about\/team\/\" \/>\n<meta property=\"og:locale\" content=\"es_ES\" \/>\n<meta property=\"og:type\" content=\"article\" \/>\n<meta property=\"og:title\" content=\"Team - AQUABLISS\" \/>\n<meta property=\"og:description\" content=\"Our team at \u201cCoiffure\u201d is composed of stylists with 10+ years experience. Highly trained and skilled stylist ready to serve you\" \/>\n<meta property=\"og:url\" content=\"https:\/\/aquablissspa.com\/es\/about\/team\/\" \/>\n<meta property=\"og:site_name\" content=\"AQUABLISS\" \/>\n<meta property=\"article:modified_time\" content=\"2025-09-27T18:11:25+00:00\" \/>\n<meta property=\"og:image\" content=\"https:\/\/aquabliss.cogollocomunicaciones.com\/wp-content\/uploads\/2025\/09\/5-1025x1536.webp\" \/>\n<meta name=\"twitter:card\" content=\"summary_large_image\" \/>\n<meta name=\"twitter:label1\" content=\"Tiempo de lectura\" \/>\n\t<meta name=\"twitter:data1\" content=\"1 minuto\" \/>\n<script type=\"application\/ld+json\" class=\"yoast-schema-graph\">{\"@context\":\"https:\/\/schema.org\",\"@graph\":[{\"@type\":\"WebPage\",\"@id\":\"https:\/\/aquablissspa.com\/about\/team\/\",\"url\":\"https:\/\/aquablissspa.com\/about\/team\/\",\"name\":\"Team - AQUABLISS\",\"isPartOf\":{\"@id\":\"https:\/\/aquablissspa.com\/#website\"},\"primaryImageOfPage\":{\"@id\":\"https:\/\/aquablissspa.com\/about\/team\/#primaryimage\"},\"image\":{\"@id\":\"https:\/\/aquablissspa.com\/about\/team\/#primaryimage\"},\"thumbnailUrl\":\"https:\/\/aquabliss.cogollocomunicaciones.com\/wp-content\/uploads\/2025\/09\/5-1025x1536.webp\",\"datePublished\":\"2023-01-20T12:23:16+00:00\",\"dateModified\":\"2025-09-27T18:11:25+00:00\",\"breadcrumb\":{\"@id\":\"https:\/\/aquablissspa.com\/about\/team\/#breadcrumb\"},\"inLanguage\":\"es-CO\",\"potentialAction\":[{\"@type\":\"ReadAction\",\"target\":[\"https:\/\/aquablissspa.com\/about\/team\/\"]}]},{\"@type\":\"ImageObject\",\"inLanguage\":\"es-CO\",\"@id\":\"https:\/\/aquablissspa.com\/about\/team\/#primaryimage\",\"url\":\"https:\/\/aquabliss.cogollocomunicaciones.com\/wp-content\/uploads\/2025\/09\/5-1025x1536.webp\",\"contentUrl\":\"https:\/\/aquabliss.cogollocomunicaciones.com\/wp-content\/uploads\/2025\/09\/5-1025x1536.webp\"},{\"@type\":\"BreadcrumbList\",\"@id\":\"https:\/\/aquablissspa.com\/about\/team\/#breadcrumb\",\"itemListElement\":[{\"@type\":\"ListItem\",\"position\":1,\"name\":\"Home\",\"item\":\"https:\/\/aquablissspa.com\/\"},{\"@type\":\"ListItem\",\"position\":2,\"name\":\"About Us\",\"item\":\"https:\/\/aquablissspa.com\/about\/\"},{\"@type\":\"ListItem\",\"position\":3,\"name\":\"Team\"}]},{\"@type\":\"WebSite\",\"@id\":\"https:\/\/aquablissspa.com\/#website\",\"url\":\"https:\/\/aquablissspa.com\/\",\"name\":\"AQUABLISS\",\"description\":\"Luxury Mobile Spa Experience\",\"publisher\":{\"@id\":\"https:\/\/aquablissspa.com\/#organization\"},\"potentialAction\":[{\"@type\":\"SearchAction\",\"target\":{\"@type\":\"EntryPoint\",\"urlTemplate\":\"https:\/\/aquablissspa.com\/?s={search_term_string}\"},\"query-input\":{\"@type\":\"PropertyValueSpecification\",\"valueRequired\":true,\"valueName\":\"search_term_string\"}}],\"inLanguage\":\"es-CO\"},{\"@type\":\"Organization\",\"@id\":\"https:\/\/aquablissspa.com\/#organization\",\"name\":\"AQUABLISS\",\"url\":\"https:\/\/aquablissspa.com\/\",\"logo\":{\"@type\":\"ImageObject\",\"inLanguage\":\"es-CO\",\"@id\":\"https:\/\/aquablissspa.com\/#\/schema\/logo\/image\/\",\"url\":\"https:\/\/aquablissspa.com\/wp-content\/uploads\/2023\/01\/Recurso-4.webp\",\"contentUrl\":\"https:\/\/aquablissspa.com\/wp-content\/uploads\/2023\/01\/Recurso-4.webp\",\"width\":399,\"height\":90,\"caption\":\"AQUABLISS\"},\"image\":{\"@id\":\"https:\/\/aquablissspa.com\/#\/schema\/logo\/image\/\"}}]}<\/script>\n<!-- \/ Yoast SEO plugin. -->","yoast_head_json":{"title":"Team - AQUABLISS","robots":{"index":"index","follow":"follow","max-snippet":"max-snippet:-1","max-image-preview":"max-image-preview:large","max-video-preview":"max-video-preview:-1"},"canonical":"https:\/\/aquablissspa.com\/es\/about\/team\/","og_locale":"es_ES","og_type":"article","og_title":"Team - AQUABLISS","og_description":"Our team at \u201cCoiffure\u201d is composed of stylists with 10+ years experience. Highly trained and skilled stylist ready to serve you","og_url":"https:\/\/aquablissspa.com\/es\/about\/team\/","og_site_name":"AQUABLISS","article_modified_time":"2025-09-27T18:11:25+00:00","og_image":[{"url":"https:\/\/aquabliss.cogollocomunicaciones.com\/wp-content\/uploads\/2025\/09\/5-1025x1536.webp","type":"","width":"","height":""}],"twitter_card":"summary_large_image","twitter_misc":{"Tiempo de lectura":"1 minuto"},"schema":{"@context":"https:\/\/schema.org","@graph":[{"@type":"WebPage","@id":"https:\/\/aquablissspa.com\/about\/team\/","url":"https:\/\/aquablissspa.com\/about\/team\/","name":"Team - AQUABLISS","isPartOf":{"@id":"https:\/\/aquablissspa.com\/#website"},"primaryImageOfPage":{"@id":"https:\/\/aquablissspa.com\/about\/team\/#primaryimage"},"image":{"@id":"https:\/\/aquablissspa.com\/about\/team\/#primaryimage"},"thumbnailUrl":"https:\/\/aquabliss.cogollocomunicaciones.com\/wp-content\/uploads\/2025\/09\/5-1025x1536.webp","datePublished":"2023-01-20T12:23:16+00:00","dateModified":"2025-09-27T18:11:25+00:00","breadcrumb":{"@id":"https:\/\/aquablissspa.com\/about\/team\/#breadcrumb"},"inLanguage":"es-CO","potentialAction":[{"@type":"ReadAction","target":["https:\/\/aquablissspa.com\/about\/team\/"]}]},{"@type":"ImageObject","inLanguage":"es-CO","@id":"https:\/\/aquablissspa.com\/about\/team\/#primaryimage","url":"https:\/\/aquabliss.cogollocomunicaciones.com\/wp-content\/uploads\/2025\/09\/5-1025x1536.webp","contentUrl":"https:\/\/aquabliss.cogollocomunicaciones.com\/wp-content\/uploads\/2025\/09\/5-1025x1536.webp"},{"@type":"BreadcrumbList","@id":"https:\/\/aquablissspa.com\/about\/team\/#breadcrumb","itemListElement":[{"@type":"ListItem","position":1,"name":"Home","item":"https:\/\/aquablissspa.com\/"},{"@type":"ListItem","position":2,"name":"About Us","item":"https:\/\/aquablissspa.com\/about\/"},{"@type":"ListItem","position":3,"name":"Team"}]},{"@type":"WebSite","@id":"https:\/\/aquablissspa.com\/#website","url":"https:\/\/aquablissspa.com\/","name":"AQUABLISS","description":"Luxury Mobile Spa Experience","publisher":{"@id":"https:\/\/aquablissspa.com\/#organization"},"potentialAction":[{"@type":"SearchAction","target":{"@type":"EntryPoint","urlTemplate":"https:\/\/aquablissspa.com\/?s={search_term_string}"},"query-input":{"@type":"PropertyValueSpecification","valueRequired":true,"valueName":"search_term_string"}}],"inLanguage":"es-CO"},{"@type":"Organization","@id":"https:\/\/aquablissspa.com\/#organization","name":"AQUABLISS","url":"https:\/\/aquablissspa.com\/","logo":{"@type":"ImageObject","inLanguage":"es-CO","@id":"https:\/\/aquablissspa.com\/#\/schema\/logo\/image\/","url":"https:\/\/aquablissspa.com\/wp-content\/uploads\/2023\/01\/Recurso-4.webp","contentUrl":"https:\/\/aquablissspa.com\/wp-content\/uploads\/2023\/01\/Recurso-4.webp","width":399,"height":90,"caption":"AQUABLISS"},"image":{"@id":"https:\/\/aquablissspa.com\/#\/schema\/logo\/image\/"}}]}},"_hostinger_reach_plugin_has_subscription_block":false,"_hostinger_reach_plugin_is_elementor":false,"_links":{"self":[{"href":"https:\/\/aquablissspa.com\/es\/wp-json\/wp\/v2\/pages\/1263","targetHints":{"allow":["GET"]}}],"collection":[{"href":"https:\/\/aquablissspa.com\/es\/wp-json\/wp\/v2\/pages"}],"about":[{"href":"https:\/\/aquablissspa.com\/es\/wp-json\/wp\/v2\/types\/page"}],"author":[{"embeddable":true,"href":"https:\/\/aquablissspa.com\/es\/wp-json\/wp\/v2\/users\/1"}],"replies":[{"embeddable":true,"href":"https:\/\/aquablissspa.com\/es\/wp-json\/wp\/v2\/comments?post=1263"}],"version-history":[{"count":9,"href":"https:\/\/aquablissspa.com\/es\/wp-json\/wp\/v2\/pages\/1263\/revisions"}],"predecessor-version":[{"id":987834,"href":"https:\/\/aquablissspa.com\/es\/wp-json\/wp\/v2\/pages\/1263\/revisions\/987834"}],"up":[{"embeddable":true,"href":"https:\/\/aquablissspa.com\/es\/wp-json\/wp\/v2\/pages\/883"}],"wp:attachment":[{"href":"https:\/\/aquablissspa.com\/es\/wp-json\/wp\/v2\/media?parent=1263"}],"curies":[{"name":"wp","href":"https:\/\/api.w.org\/{rel}","templated":true}]}}